{"id":3331,"date":"2025-04-29T13:40:08","date_gmt":"2025-04-29T11:40:08","guid":{"rendered":"https:\/\/comabstract.be\/?page_id=3331"},"modified":"2026-04-05T11:43:57","modified_gmt":"2026-04-05T09:43:57","slug":"a-propos-de-nous","status":"publish","type":"page","link":"https:\/\/comabstract.be\/index.php\/a-propos-de-nous\/","title":{"rendered":"A propos de nous"},"content":{"rendered":"\t\t<div data-elementor-type=\"wp-page\" data-elementor-id=\"3331\" class=\"elementor elementor-3331\">\n\t\t\t\t<div class=\"content-row-elementor elementor-element elementor-element-e0ebb9b dark-section inherit-header-color full_elementor row_padding_left_elementor row_padding_right_elementor e-flex e-con-boxed e-con e-parent\" data-id=\"e0ebb9b\" data-element_type=\"container\" data-e-type=\"container\">\n\t\t\t\t\t<div class=\"e-con-inner\">\n\t\t\t\t<div class=\"elementor-element elementor-element-ae11797 elementor-widget elementor-widget-heading\" data-id=\"ae11797\" data-element_type=\"widget\" data-e-type=\"widget\" data-widget_type=\"heading.default\">\n\t\t\t\t<div class=\"elementor-widget-container\">\n\t\t\t\t\t<h2 class=\"elementor-heading-title elementor-size-default\">Analyser ce qui est d\u00e9j\u00e0, \ncr\u00e9er ce qui n'est pas encore, \ntoucher<\/h2>\t\t\t\t<\/div>\n\t\t\t\t<\/div>\n\t\t\t\t<div class=\"elementor-element elementor-element-91adba5 elementor-widget elementor-widget-text-editor\" data-id=\"91adba5\" data-element_type=\"widget\" data-e-type=\"widget\" data-widget_type=\"text-editor.default\">\n\t\t\t\t<div class=\"elementor-widget-container\">\n\t\t\t\t\t\t\t\t\t<p class=\"western\" align=\"JUSTIFY\"><span lang=\"fr-FR\">ComAbstract est une galerie d&rsquo;art en ligne ainsi qu&rsquo;une agence de conseils et de consultance en communication et relations publiques.<\/span><\/p>\t\t\t\t\t\t\t\t<\/div>\n\t\t\t\t<\/div>\n\t\t\t\t<div class=\"elementor-element elementor-element-7a0c669 elementor-widget elementor-widget-text-editor\" data-id=\"7a0c669\" data-element_type=\"widget\" data-e-type=\"widget\" data-widget_type=\"text-editor.default\">\n\t\t\t\t<div class=\"elementor-widget-container\">\n\t\t\t\t\t\t\t\t\t<p class=\"western\" align=\"JUSTIFY\"><span lang=\"fr-FR\">Cr\u00e9\u00e9e en 2023, elle propose d\u00e9j\u00e0 \u00e0 de nombreux clients (institutions, <\/span>professions lib\u00e9rales, ind\u00e9pendants, PME\u2026) de v\u00e9ritables strat\u00e9gies innovantes leur permettant de se distinguer de la concurrence en leur assurant une communication fluide, originale, impactante et align\u00e9e sur leurs ambitions et leurs moyens.<\/p><p class=\"western\" align=\"JUSTIFY\"><a name=\"Bookmark\"><\/a><\/p>\t\t\t\t\t\t\t\t<\/div>\n\t\t\t\t<\/div>\n\t\t\t\t<div class=\"elementor-element elementor-element-d6444c9 elementor-widget elementor-widget-text-editor\" data-id=\"d6444c9\" data-element_type=\"widget\" data-e-type=\"widget\" data-widget_type=\"text-editor.default\">\n\t\t\t\t<div class=\"elementor-widget-container\">\n\t\t\t\t\t\t\t\t\t<p class=\"western\" align=\"JUSTIFY\"><span lang=\"fr-FR\">Pour les entreprises et les particuliers, ComAbstract propose un catalogue d\u2019<\/span>\u0153uvres d\u2019art contemporaines r\u00e9guli\u00e8rement augment\u00e9 et mis \u00e0 jour. En int\u00e9grant de l\u2019art contemporain au sein de vos espaces, vous pourrez non seulement affirmer votre personnalit\u00e9, mais aussi cr\u00e9er une atmosph\u00e8re unique et inspirante pour vos employ\u00e9s ou vos visiteurs. Esth\u00e9tiser les espaces constitue une garantie de distinction et donc de succ\u00e8s\u00a0!<\/p><p align=\"JUSTIFY\">Notre galerie se centre essentiellement sur les \u0153uvres de Charles Wery mais accueille \u00e9galement d&rsquo;autres artistes (\u00e9mergeants ou r\u00e9put\u00e9s).\u00a0\u00a0<\/p>\t\t\t\t\t\t\t\t<\/div>\n\t\t\t\t<\/div>\n\t\t\t\t<div class=\"elementor-element elementor-element-7ff5891 elementor-widget elementor-widget-text-editor\" data-id=\"7ff5891\" data-element_type=\"widget\" data-e-type=\"widget\" data-widget_type=\"text-editor.default\">\n\t\t\t\t<div class=\"elementor-widget-container\">\n\t\t\t\t\t\t\t\t\t<p class=\"western\"><span lang=\"fr-FR\">N\u2019h\u00e9sitez pas \u00e0 nous contacter\u00a0: <a href=\"mailto:info@comabstract.be\">info@comabstract.be<\/a><\/span><\/p>\t\t\t\t\t\t\t\t<\/div>\n\t\t\t\t<\/div>\n\t\t\t\t\t<\/div>\n\t\t\t\t<\/div>\n\t\t<div class=\"content-row-elementor elementor-element elementor-element-8938c41 dark-section inherit-header-color full_elementor row_padding_left_elementor row_padding_right_elementor e-flex e-con-boxed e-con e-parent\" data-id=\"8938c41\" data-element_type=\"container\" data-e-type=\"container\">\n\t\t\t\t\t<div class=\"e-con-inner\">\n\t\t\t\t<div class=\"elementor-element elementor-element-06c826c elementor-widget elementor-widget-image\" data-id=\"06c826c\" data-element_type=\"widget\" data-e-type=\"widget\" data-widget_type=\"image.default\">\n\t\t\t\t<div class=\"elementor-widget-container\">\n\t\t\t\t\t\t\t\t\t\t\t\t\t\t\t<img fetchpriority=\"high\" decoding=\"async\" width=\"860\" height=\"661\" src=\"https:\/\/comabstract.be\/wp-content\/uploads\/2025\/04\/ComAbstract_logo_light_small.png\" class=\"attachment-large size-large wp-image-19\" alt=\"\" srcset=\"https:\/\/comabstract.be\/wp-content\/uploads\/2025\/04\/ComAbstract_logo_light_small.png 860w, https:\/\/comabstract.be\/wp-content\/uploads\/2025\/04\/ComAbstract_logo_light_small-300x231.png 300w, https:\/\/comabstract.be\/wp-content\/uploads\/2025\/04\/ComAbstract_logo_light_small-768x590.png 768w\" sizes=\"(max-width: 860px) 100vw, 860px\" \/>\t\t\t\t\t\t\t\t\t\t\t\t\t\t\t<\/div>\n\t\t\t\t<\/div>\n\t\t\t\t\t<\/div>\n\t\t\t\t<\/div>\n\t\t\t\t<\/div>\n\t\t","protected":false},"excerpt":{"rendered":"<p>Analyser ce qui est d\u00e9j\u00e0, cr\u00e9er ce qui n&rsquo;est pas encore, toucher ComAbstract est une galerie d&rsquo;art en ligne ainsi qu&rsquo;une agence de conseils et de consultance en communication et relations publiques. Cr\u00e9\u00e9e en 2023, elle propose d\u00e9j\u00e0 \u00e0 de nombreux clients (institutions, professions lib\u00e9rales, ind\u00e9pendants, PME\u2026) de v\u00e9ritables strat\u00e9gies innovantes leur permettant de se [&hellip;]<\/p>\n","protected":false},"author":2,"featured_media":0,"parent":0,"menu_order":0,"comment_status":"closed","ping_status":"closed","template":"","meta":{"footnotes":""},"class_list":["post-3331","page","type-page","status-publish","hentry"],"_links":{"self":[{"href":"https:\/\/comabstract.be\/index.php\/wp-json\/wp\/v2\/pages\/3331","targetHints":{"allow":["GET"]}}],"collection":[{"href":"https:\/\/comabstract.be\/index.php\/wp-json\/wp\/v2\/pages"}],"about":[{"href":"https:\/\/comabstract.be\/index.php\/wp-json\/wp\/v2\/types\/page"}],"author":[{"embeddable":true,"href":"https:\/\/comabstract.be\/index.php\/wp-json\/wp\/v2\/users\/2"}],"replies":[{"embeddable":true,"href":"https:\/\/comabstract.be\/index.php\/wp-json\/wp\/v2\/comments?post=3331"}],"version-history":[{"count":28,"href":"https:\/\/comabstract.be\/index.php\/wp-json\/wp\/v2\/pages\/3331\/revisions"}],"predecessor-version":[{"id":4611,"href":"https:\/\/comabstract.be\/index.php\/wp-json\/wp\/v2\/pages\/3331\/revisions\/4611"}],"wp:attachment":[{"href":"https:\/\/comabstract.be\/index.php\/wp-json\/wp\/v2\/media?parent=3331"}],"curies":[{"name":"wp","href":"https:\/\/api.w.org\/{rel}","templated":true}]}}