{"id":3697,"date":"2025-05-12T12:46:57","date_gmt":"2025-05-12T10:46:57","guid":{"rendered":"https:\/\/comabstract.be\/?page_id=3697"},"modified":"2025-11-18T14:57:43","modified_gmt":"2025-11-18T13:57:43","slug":"infos-pratiques","status":"publish","type":"page","link":"https:\/\/comabstract.be\/index.php\/infos-pratiques\/","title":{"rendered":"Infos pratiques"},"content":{"rendered":"\t\t<div data-elementor-type=\"wp-page\" data-elementor-id=\"3697\" class=\"elementor elementor-3697\">\n\t\t\t\t<div class=\"content-row-elementor elementor-element elementor-element-29eec69f dark-section inherit-header-color full_elementor row_padding_left_elementor row_padding_right_elementor e-flex e-con-boxed e-con e-parent\" data-id=\"29eec69f\" data-element_type=\"container\" data-e-type=\"container\">\n\t\t\t\t\t<div class=\"e-con-inner\">\n\t\t\t\t<div class=\"elementor-element elementor-element-2f73e196 elementor-widget elementor-widget-text-editor\" data-id=\"2f73e196\" data-element_type=\"widget\" data-e-type=\"widget\" data-widget_type=\"text-editor.default\">\n\t\t\t\t<div class=\"elementor-widget-container\">\n\t\t\t\t\t\t\t\t\t\n<h2 class=\"wp-block-heading\">Location d&rsquo;\u0153uvres d&rsquo;art<\/h2>\n\n<p><strong>Offrez une \u0153uvre d\u2019art \u00e0 vos murs\u2026 Sans l\u2019acheter<\/strong><\/p>\n\n<p><strong>Et si vos murs racontaient r\u00e9guli\u00e8rement de nouvelles histoires\u00a0?<\/strong><br \/>Louez des <strong>\u0153uvres in\u00e9dites<\/strong>, sign\u00e9es par des artistes \u00e9mergents ou confirm\u00e9s, pour une fraction de leur valeur.<\/p>\n\n<p>Chaque \u0153uvre est <strong>unique<\/strong><br \/>Valeur : de 300\u20ac \u00e0 1500\u20ac<br \/>Livr\u00e9e \u00a0<br \/>\u00c0 partir de <strong>40 \u20ac\/mois<\/strong><\/p>\n\n<p><strong>Particuliers\/PME\/Professions lib\u00e9rales\/Ind\u00e9pendants\u2026<\/strong><\/p>\n\n<figure class=\"wp-block-table aligncenter\">\n<table class=\"has-fixed-layout\">\n<tbody>\n<tr>\n<td><strong>Formule<\/strong><\/td>\n<td><strong>Tarif\/mois<\/strong><\/td>\n<td><strong>Renouvellement<\/strong><\/td>\n<td><strong>Avantages<\/strong><\/td>\n<\/tr>\n<tr>\n<td>D\u00e9couverte<\/td>\n<td>40\u20ac<\/td>\n<td>Une \u0153uvre tous les trois mois<\/td>\n<td>Livraison incluse<\/td>\n<\/tr>\n<tr>\n<td>Passion<\/td>\n<td>60\u20ac<\/td>\n<td>Une \u0153uvre tous les deux mois<\/td>\n<td>Livraison incluse<\/td>\n<\/tr>\n<tr>\n<td>Collectionneur<\/td>\n<td>80\u20ac<\/td>\n<td>Une \u0153uvre tous les mois<\/td>\n<td>Livraison incluse<br \/>Option d\u2019achat \u00e0 prix r\u00e9duit<\/td>\n<\/tr>\n<\/tbody>\n<\/table>\n<\/figure>\n\n<ul class=\"wp-block-list\">\n<li>Nos prix s\u2019entendent livraison (en Belgique) et TVA incluses.<\/li>\n\n<li>L\u2019\u0153uvre reste la propri\u00e9t\u00e9 de l\u2019artiste en cas de location et doit \u00eatre restitu\u00e9e en bon \u00e9tat.<\/li>\n\n<li>L\u2019option d\u2019achat \u00e0 prix r\u00e9duit fonctionne comme suit\u00a0: lorsque les montants locatifs atteignent 50% de la valeur d\u2019une \u0153uvre lou\u00e9e, le loueur peut l\u2019acqu\u00e9rir d\u00e9finitivement en versant les 50% restant.<\/li>\n\n<li>En cas de dommage, le client est responsable des frais de r\u00e9paration ou de remplacement.<\/li>\n\n<li>ComAbstract ne prend pas en charge l&rsquo;accrochage ou l&rsquo;installation des \u0153uvres.<\/li>\n\n<li>D\u2019autres formules peuvent \u00eatre envisag\u00e9es (location de plusieurs \u0153uvres pour un \u00e9v\u00e8nement, d\u00e9cors de th\u00e9\u00e2tre, de cin\u00e9ma, etc.). N\u2019h\u00e9sitez pas \u00e0 nous communiquer vos souhaits et vos d\u00e9sirs. Nous vous remettrons des devis avantageux dans les meilleurs d\u00e9lais.<\/li>\n<\/ul>\n\n<h2 class=\"wp-block-heading\">Achat d&rsquo;\u0153uvres d&rsquo;art<\/h2>\n\n<p>Toutes les \u0153uvres de notre catalogue peuvent \u00eatre achet\u00e9es. En int\u00e9grant de l\u2019art contemporain au sein de vos espaces, vous pourrez non seulement affirmer votre personnalit\u00e9, mais aussi cr\u00e9er une atmosph\u00e8re unique et inspirante pour vos employ\u00e9s ou vos visiteurs. Esth\u00e9tiser les espaces constitue une garantie de distinction et donc de succ\u00e8s\u00a0!<\/p>\n\n<p>ComAbstract, dans ce domaine, s\u2019est prioritairement sp\u00e9cialis\u00e9 dans l\u2019art abstrait. Le catalogue reprend des \u0153uvres de jeunes artistes prometteurs mais aussi celles d\u2019artistes confirm\u00e9s et r\u00e9put\u00e9s.<\/p>\n\n<p>Notre philosophie dans ce domaine est essentiellement bas\u00e9e sur la d\u00e9mocratisation et l\u2019accessibilit\u00e9 de l\u2019art contemporain pour tous.\u00a0<\/p>\n\n<p>Les prix du catalogue s&rsquo;entendent TTC. Peuvent s&rsquo;y ajouter d&rsquo;\u00e9ventuels frais de livraison. N&rsquo;h\u00e9sitez pas \u00e0 nous adresser vos demandes, nous vous retournerons des devis pr\u00e9cis dans les meilleurs d\u00e9lais.<\/p>\n\n<p>Les paiements se font g\u00e9n\u00e9ralement d\u00e8s r\u00e9ception de la facture. Les paiements \u00e0 la livraison des \u0153uvres occasionneront un suppl\u00e9ment.<\/p>\n\n<h2 class=\"wp-block-heading\">Appel aux Artistes<\/h2>\n\n<p>Artistes confirm\u00e9s ou simplement passionn\u00e9s, donnez \u00e0 vos cr\u00e9ations la visibilit\u00e9 qu\u2019elles m\u00e9ritent !<br \/>Notre galerie en ligne met en lumi\u00e8re des \u0153uvres originales et uniques aupr\u00e8s d\u2019un large public, amateur d\u2019art et pr\u00eat \u00e0 investir. Et tout cela sans frais ! <br \/>Nous vous offrons en somme un espace professionnel pour valoriser votre talent.<\/p>\n\n<p>Lorsque vous proposez une ou plusieurs \u0153uvre(s) \u00e0 ComAbstract, n\u2019oubliez pas de communiquer ces quelques \u00e9l\u00e9ments minimum\u00a0:<\/p>\n\n<p><strong>Nom de l\u2019artiste<\/strong><\/p>\n\n<p><strong>Titre de l\u2019\u0153uvre<\/strong><\/p>\n\n<p><strong>Dimensions<\/strong><\/p>\n\n<p><strong>Technique(s) utilis\u00e9e(s)<\/strong><\/p>\n\n<p><strong>Une ou plusieurs photos de l\u2019\u0153uvre<\/strong><\/p>\n\n<h2 class=\"wp-block-heading\">Consultance en communication<\/h2>\n\n<p>Expliquez-nous en quelques mots comment ComAbstract pourrait vous aider en mati\u00e8re de communication. Quels sont les probl\u00e8mes que vous aimeriez r\u00e9gler en cette mati\u00e8re ? Que voudriez-vous am\u00e9liorer ou performer ? Qu&rsquo;est-ce que vous pourriez mettre en place pour toucher de nouveaux publics ou fid\u00e9liser de fa\u00e7on plus solide votre client\u00e8le actuelle ?&#8230; La liste des questions en mati\u00e8re de communication est vaste&#8230; et beaucoup d&rsquo;autres questions, que vous vous posez sans doute, pourraient \u00eatre envisag\u00e9es&#8230; ComAbstract est \u00e0 vos c\u00f4t\u00e9s pour y r\u00e9pondre !<\/p>\n<div class=\"wp-block-image\">\n<figure class=\"aligncenter size-full is-resized\"><img fetchpriority=\"high\" decoding=\"async\" width=\"1024\" height=\"1024\" class=\"wp-image-3699\" style=\"width: 443px; height: auto;\" src=\"https:\/\/comabstract.be\/wp-content\/uploads\/2025\/05\/schema-missions-agence-communication-1.png\" alt=\"\" srcset=\"https:\/\/comabstract.be\/wp-content\/uploads\/2025\/05\/schema-missions-agence-communication-1.png 1024w, https:\/\/comabstract.be\/wp-content\/uploads\/2025\/05\/schema-missions-agence-communication-1-300x300.png 300w, https:\/\/comabstract.be\/wp-content\/uploads\/2025\/05\/schema-missions-agence-communication-1-150x150.png 150w, https:\/\/comabstract.be\/wp-content\/uploads\/2025\/05\/schema-missions-agence-communication-1-768x768.png 768w\" sizes=\"(max-width: 1024px) 100vw, 1024px\" \/><\/figure>\n<\/div>\n<h2 class=\"wp-block-heading\">Premier contact<\/h2>\n\n<p>Toutes vos demandes peuvent \u00eatre adress\u00e9es via mail info@comabstract.be ou via notre messagerie (voir rubrique \u00ab\u00a0Contact\u00a0\u00bb) ou via t\u00e9l\u00e9phone 0032(0)478\/485.435<\/p>\n\n<p>\u00a0<\/p>\n\t\t\t\t\t\t\t\t<\/div>\n\t\t\t\t<\/div>\n\t\t\t\t\t<\/div>\n\t\t\t\t<\/div>\n\t\t\t\t<\/div>\n\t\t","protected":false},"excerpt":{"rendered":"<p>Location d&rsquo;\u0153uvres d&rsquo;art Offrez une \u0153uvre d\u2019art \u00e0 vos murs\u2026 Sans l\u2019acheter Et si vos murs racontaient r\u00e9guli\u00e8rement de nouvelles histoires\u00a0?Louez des \u0153uvres in\u00e9dites, sign\u00e9es par des artistes \u00e9mergents ou confirm\u00e9s, pour une fraction de leur valeur. Chaque \u0153uvre est uniqueValeur : de 300\u20ac \u00e0 1500\u20acLivr\u00e9e \u00a0\u00c0 partir de 40 \u20ac\/mois Particuliers\/PME\/Professions lib\u00e9rales\/Ind\u00e9pendants\u2026 Formule Tarif\/mois [&hellip;]<\/p>\n","protected":false},"author":1,"featured_media":0,"parent":0,"menu_order":0,"comment_status":"closed","ping_status":"closed","template":"","meta":{"footnotes":""},"class_list":["post-3697","page","type-page","status-publish","hentry"],"_links":{"self":[{"href":"https:\/\/comabstract.be\/index.php\/wp-json\/wp\/v2\/pages\/3697","targetHints":{"allow":["GET"]}}],"collection":[{"href":"https:\/\/comabstract.be\/index.php\/wp-json\/wp\/v2\/pages"}],"about":[{"href":"https:\/\/comabstract.be\/index.php\/wp-json\/wp\/v2\/types\/page"}],"author":[{"embeddable":true,"href":"https:\/\/comabstract.be\/index.php\/wp-json\/wp\/v2\/users\/1"}],"replies":[{"embeddable":true,"href":"https:\/\/comabstract.be\/index.php\/wp-json\/wp\/v2\/comments?post=3697"}],"version-history":[{"count":12,"href":"https:\/\/comabstract.be\/index.php\/wp-json\/wp\/v2\/pages\/3697\/revisions"}],"predecessor-version":[{"id":4252,"href":"https:\/\/comabstract.be\/index.php\/wp-json\/wp\/v2\/pages\/3697\/revisions\/4252"}],"wp:attachment":[{"href":"https:\/\/comabstract.be\/index.php\/wp-json\/wp\/v2\/media?parent=3697"}],"curies":[{"name":"wp","href":"https:\/\/api.w.org\/{rel}","templated":true}]}}